{"id":57,"date":"2025-11-30T05:32:29","date_gmt":"2025-11-30T05:32:29","guid":{"rendered":"https:\/\/gentodonto.com.br\/blog\/?page_id=57"},"modified":"2025-12-01T22:47:05","modified_gmt":"2025-12-01T22:47:05","slug":"blog-gent-odonto","status":"publish","type":"page","link":"https:\/\/gentodonto.com.br\/blog\/","title":{"rendered":"Blog Gent Odonto"},"content":{"rendered":"<ul class=\"wp-block-latest-posts__list is-grid columns-3 alignwide wp-block-latest-posts\"><li><div class=\"wp-block-latest-posts__featured-image aligncenter\"><img loading=\"lazy\" decoding=\"async\" width=\"300\" height=\"300\" src=\"https:\/\/gentodonto.com.br\/blog\/wp-content\/uploads\/2025\/11\/imagem-post-cadeira-dentista-300x300.png\" class=\"attachment-medium size-medium wp-post-image\" alt=\"\" style=\"\" srcset=\"https:\/\/gentodonto.com.br\/blog\/wp-content\/uploads\/2025\/11\/imagem-post-cadeira-dentista-300x300.png 300w, https:\/\/gentodonto.com.br\/blog\/wp-content\/uploads\/2025\/11\/imagem-post-cadeira-dentista-150x150.png 150w, https:\/\/gentodonto.com.br\/blog\/wp-content\/uploads\/2025\/11\/imagem-post-cadeira-dentista-768x768.png 768w, https:\/\/gentodonto.com.br\/blog\/wp-content\/uploads\/2025\/11\/imagem-post-cadeira-dentista.png 1024w\" sizes=\"auto, (max-width: 300px) 100vw, 300px\" \/><\/div><a class=\"wp-block-latest-posts__post-title\" href=\"https:\/\/gentodonto.com.br\/blog\/a-cadeira-do-dentista-precisa-se-mover-repensando-o-acesso-a-saude-bucal-no-brasil\/\">A cadeira do dentista precisa se mover: repensando o acesso \u00e0 sa\u00fade bucal no Brasil<\/a><div class=\"wp-block-latest-posts__post-excerpt\">A sa\u00fade bucal ainda \u00e9 um privil\u00e9gio para muitos brasileiros. Quando falamos em \u201cacesso\u201d, o que geralmente vem \u00e0 mente?&nbsp;Localiza\u00e7\u00e3o,\u2026 <a class=\"wp-block-latest-posts__read-more\" href=\"https:\/\/gentodonto.com.br\/blog\/a-cadeira-do-dentista-precisa-se-mover-repensando-o-acesso-a-saude-bucal-no-brasil\/\" rel=\"noopener noreferrer\">Read more<span class=\"screen-reader-text\">: A cadeira do dentista precisa se mover: repensando o acesso \u00e0 sa\u00fade bucal no Brasil<\/span><\/a><\/div><\/li>\n<li><div class=\"wp-block-latest-posts__featured-image aligncenter\"><img loading=\"lazy\" decoding=\"async\" width=\"300\" height=\"300\" src=\"https:\/\/gentodonto.com.br\/blog\/wp-content\/uploads\/2025\/12\/3-300x300.png\" class=\"attachment-medium size-medium wp-post-image\" alt=\"\" style=\"\" srcset=\"https:\/\/gentodonto.com.br\/blog\/wp-content\/uploads\/2025\/12\/3-300x300.png 300w, https:\/\/gentodonto.com.br\/blog\/wp-content\/uploads\/2025\/12\/3-150x150.png 150w, https:\/\/gentodonto.com.br\/blog\/wp-content\/uploads\/2025\/12\/3-768x768.png 768w, https:\/\/gentodonto.com.br\/blog\/wp-content\/uploads\/2025\/12\/3.png 984w\" sizes=\"auto, (max-width: 300px) 100vw, 300px\" \/><\/div><a class=\"wp-block-latest-posts__post-title\" href=\"https:\/\/gentodonto.com.br\/blog\/post-teste-3\/\">Post  teste 3<\/a><div class=\"wp-block-latest-posts__post-excerpt\">Subt\u00edtulo Relevante (H2) \u2013 Introdu\u00e7\u00e3o ao T\u00f3pico Principal Lorem ipsum dolor sit amet, consectetur adipiscing elit. Sed do eiusmod tempor\u2026 <a class=\"wp-block-latest-posts__read-more\" href=\"https:\/\/gentodonto.com.br\/blog\/post-teste-3\/\" rel=\"noopener noreferrer\">Read more<span class=\"screen-reader-text\">: Post  teste 3<\/span><\/a><\/div><\/li>\n<li><div class=\"wp-block-latest-posts__featured-image aligncenter\"><img loading=\"lazy\" decoding=\"async\" width=\"300\" height=\"300\" src=\"https:\/\/gentodonto.com.br\/blog\/wp-content\/uploads\/2025\/12\/2-300x300.png\" class=\"attachment-medium size-medium wp-post-image\" alt=\"\" style=\"\" srcset=\"https:\/\/gentodonto.com.br\/blog\/wp-content\/uploads\/2025\/12\/2-300x300.png 300w, https:\/\/gentodonto.com.br\/blog\/wp-content\/uploads\/2025\/12\/2-150x150.png 150w, https:\/\/gentodonto.com.br\/blog\/wp-content\/uploads\/2025\/12\/2-768x768.png 768w, https:\/\/gentodonto.com.br\/blog\/wp-content\/uploads\/2025\/12\/2.png 984w\" sizes=\"auto, (max-width: 300px) 100vw, 300px\" \/><\/div><a class=\"wp-block-latest-posts__post-title\" href=\"https:\/\/gentodonto.com.br\/blog\/post-teste-2\/\">Post teste 2<\/a><div class=\"wp-block-latest-posts__post-excerpt\">Subt\u00edtulo Relevante (H2) \u2013 Introdu\u00e7\u00e3o ao T\u00f3pico Principal Lorem ipsum dolor sit amet, consectetur adipiscing elit. Sed do eiusmod tempor\u2026 <a class=\"wp-block-latest-posts__read-more\" href=\"https:\/\/gentodonto.com.br\/blog\/post-teste-2\/\" rel=\"noopener noreferrer\">Read more<span class=\"screen-reader-text\">: Post teste 2<\/span><\/a><\/div><\/li>\n<li><div class=\"wp-block-latest-posts__featured-image aligncenter\"><img loading=\"lazy\" decoding=\"async\" width=\"300\" height=\"300\" src=\"https:\/\/gentodonto.com.br\/blog\/wp-content\/uploads\/2025\/12\/1-300x300.png\" class=\"attachment-medium size-medium wp-post-image\" alt=\"\" style=\"\" srcset=\"https:\/\/gentodonto.com.br\/blog\/wp-content\/uploads\/2025\/12\/1-300x300.png 300w, https:\/\/gentodonto.com.br\/blog\/wp-content\/uploads\/2025\/12\/1-150x150.png 150w, https:\/\/gentodonto.com.br\/blog\/wp-content\/uploads\/2025\/12\/1-768x768.png 768w, https:\/\/gentodonto.com.br\/blog\/wp-content\/uploads\/2025\/12\/1.png 984w\" sizes=\"auto, (max-width: 300px) 100vw, 300px\" \/><\/div><a class=\"wp-block-latest-posts__post-title\" href=\"https:\/\/gentodonto.com.br\/blog\/teste\/\">Post teste<\/a><div class=\"wp-block-latest-posts__post-excerpt\">Subt\u00edtulo Relevante (H2) \u2013 Introdu\u00e7\u00e3o ao T\u00f3pico Principal Lorem ipsum dolor sit amet, consectetur adipiscing elit. Sed do eiusmod tempor\u2026 <a class=\"wp-block-latest-posts__read-more\" href=\"https:\/\/gentodonto.com.br\/blog\/teste\/\" rel=\"noopener noreferrer\">Read more<span class=\"screen-reader-text\">: Post teste<\/span><\/a><\/div><\/li>\n<\/ul>","protected":false},"excerpt":{"rendered":"","protected":false},"author":1,"featured_media":0,"parent":0,"menu_order":0,"comment_status":"closed","ping_status":"closed","template":"","meta":{"footnotes":""},"class_list":["post-57","page","type-page","status-publish","hentry"],"aioseo_notices":[],"_links":{"self":[{"href":"https:\/\/gentodonto.com.br\/blog\/wp-json\/wp\/v2\/pages\/57","targetHints":{"allow":["GET"]}}],"collection":[{"href":"https:\/\/gentodonto.com.br\/blog\/wp-json\/wp\/v2\/pages"}],"about":[{"href":"https:\/\/gentodonto.com.br\/blog\/wp-json\/wp\/v2\/types\/page"}],"author":[{"embeddable":true,"href":"https:\/\/gentodonto.com.br\/blog\/wp-json\/wp\/v2\/users\/1"}],"replies":[{"embeddable":true,"href":"https:\/\/gentodonto.com.br\/blog\/wp-json\/wp\/v2\/comments?post=57"}],"version-history":[{"count":3,"href":"https:\/\/gentodonto.com.br\/blog\/wp-json\/wp\/v2\/pages\/57\/revisions"}],"predecessor-version":[{"id":69,"href":"https:\/\/gentodonto.com.br\/blog\/wp-json\/wp\/v2\/pages\/57\/revisions\/69"}],"wp:attachment":[{"href":"https:\/\/gentodonto.com.br\/blog\/wp-json\/wp\/v2\/media?parent=57"}],"curies":[{"name":"wp","href":"https:\/\/api.w.org\/{rel}","templated":true}]}}